{"id":2,"date":"2018-11-21T17:01:01","date_gmt":"2018-11-21T17:01:01","guid":{"rendered":"https:\/\/coamsa.es\/?page_id=2"},"modified":"2024-05-09T09:47:17","modified_gmt":"2024-05-09T09:47:17","slug":"pagina-ejemplo","status":"publish","type":"page","link":"https:\/\/coamsa.es\/","title":{"rendered":"Inicio"},"content":{"rendered":"\t\t<div data-elementor-type=\"wp-post\" data-elementor-id=\"2\" class=\"elementor elementor-2\" data-elementor-settings=\"[]\">\n\t\t\t\t\t\t<div class=\"elementor-inner\">\n\t\t\t\t\t\t\t<div class=\"elementor-section-wrap\">\n\t\t\t\t\t\t\t<section class=\"elementor-section elementor-top-section elementor-element elementor-element-59a971f9 elementor-section-boxed elementor-section-height-default elementor-section-height-default\" data-id=\"59a971f9\" data-element_type=\"section\">\n\t\t\t\t\t\t<div class=\"elementor-container elementor-column-gap-default\">\n\t\t\t\t\t\t\t<div class=\"elementor-row\">\n\t\t\t\t\t<div class=\"elementor-column elementor-col-100 elementor-top-column elementor-element elementor-element-3b892b1d\" data-id=\"3b892b1d\" data-element_type=\"column\">\n\t\t\t<div class=\"elementor-column-wrap elementor-element-populated\">\n\t\t\t\t\t\t\t<div class=\"elementor-widget-wrap\">\n\t\t\t\t\t\t<div class=\"elementor-element elementor-element-64ca0c74 elementor-widget elementor-widget-text-editor\" data-id=\"64ca0c74\" data-element_type=\"widget\" data-widget_type=\"text-editor.default\">\n\t\t\t\t<div class=\"elementor-widget-container\">\n\t\t\t\t\t\t\t\t<div class=\"elementor-text-editor elementor-clearfix\">\n\t\t\t\t\t<div id=\"servicios\">\n<h1 class=\"titulo\">&nbsp;SERVICIOS<\/h1>\n<\/div>\n<div class=\"servicios\">\n<div class=\"oferser\">\n<p><img loading=\"lazy\" decoding=\"async\" class=\"aligncenter wp-image-986 size-thumbnail\" src=\"https:\/\/coamsa.es\/wp-content\/uploads\/2024\/04\/Diseno-sin-titulo-1-1-e1714391322994-150x150.png\" alt=\"\" width=\"150\" height=\"150\"><\/p>\n<h1 class=\"tituloservicio\" style=\"text-align: center;\"><strong>Fabricaci\u00f3n UNE-EN 1090<\/strong><\/h1>\n<p style=\"text-align: center;\">Marcado CE seg\u00fan UNE en 1090<\/p>\n<\/div>\n<\/div>\n<div class=\"servicios\">\n<div class=\"oferser\">\n<p><img loading=\"lazy\" decoding=\"async\" class=\"aligncenter wp-image-923 size-thumbnail\" src=\"https:\/\/coamsa.es\/wp-content\/uploads\/2024\/04\/13-150x150.jpg\" alt=\"\" width=\"150\" height=\"150\"><\/p>\n<h1 class=\"tituloservicio\" style=\"text-align: center;\"><strong>Montaje de Estructuras<\/strong><\/h1>\n<p style=\"text-align: center;\">Gran experiencia en el montaje in situ, con soldadores-montadores cualificados y homologados.<\/p>\n<\/div>\n<\/div>\n<div class=\"servicios\">\n<div class=\"oferser\">\n<p><img loading=\"lazy\" decoding=\"async\" class=\"aligncenter wp-image-983 size-thumbnail\" src=\"https:\/\/coamsa.es\/wp-content\/uploads\/2024\/04\/Diseno-sin-titulo-2-e1714391641260-150x150.png\" alt=\"\" width=\"150\" height=\"150\"><\/p>\n<h1 class=\"tituloservicio\" style=\"text-align: center;\"><strong>Asistencia T\u00e9cnica<\/strong><\/h1>\n<p style=\"text-align: center;\">Ofrecemos asistencia t\u00e9cnica, asesoramiento y optimizaci\u00f3n en el dise\u00f1o, c\u00e1lculo y ejecuci\u00f3n de todo tipo de construcciones met\u00e1licas, bajo normativa vigente, gracias a la desarrollada experiencia y conocimientos de nuestro equipo t\u00e9cnico.<\/p>\n<\/div>\n<\/div>\n<div id=\"proyectos\">\n<h1 class=\"titulo\">&nbsp;PROYECTOS<\/h1>\n<\/div>\n<div class=\"proyectos\">\n<div class=\"img-container\">\n<p><img loading=\"lazy\" decoding=\"async\" id=\"imgprincipal\" class=\"alignnone size-full wp-image-36\" src=\"https:\/\/coamsa.es\/wp-content\/uploads\/2018\/11\/FOTO-0.jpg\" alt=\"\" width=\"659\" height=\"458\" srcset=\"https:\/\/coamsa.es\/wp-content\/uploads\/2018\/11\/FOTO-0.jpg 659w, https:\/\/coamsa.es\/wp-content\/uploads\/2018\/11\/FOTO-0-300x208.jpg 300w\" sizes=\"(max-width: 659px) 100vw, 659px\" \/><a href=\"https:\/\/coamsa.es\/?page_id=66\">Quality Food<\/a><\/p>\n<\/div>\n<div class=\"img-container\">\n<p><img loading=\"lazy\" decoding=\"async\" id=\"imgprincipal\" class=\"alignnone size-large wp-image-39\" src=\"https:\/\/coamsa.es\/wp-content\/uploads\/2018\/11\/FOTO-1-2-1024x768.jpg\" alt=\"\" width=\"1024\" height=\"768\" srcset=\"https:\/\/coamsa.es\/wp-content\/uploads\/2018\/11\/FOTO-1-2-1024x768.jpg 1024w, https:\/\/coamsa.es\/wp-content\/uploads\/2018\/11\/FOTO-1-2-300x225.jpg 300w, https:\/\/coamsa.es\/wp-content\/uploads\/2018\/11\/FOTO-1-2-768x576.jpg 768w, https:\/\/coamsa.es\/wp-content\/uploads\/2018\/11\/FOTO-1-2-800x600.jpg 800w, https:\/\/coamsa.es\/wp-content\/uploads\/2018\/11\/FOTO-1-2-400x300.jpg 400w\" sizes=\"(max-width: 1024px) 100vw, 1024px\" \/><a href=\"https:\/\/coamsa.es\/?page_id=193\">Catunamb\u00fa<\/a><\/p>\n<\/div>\n<div class=\"img-container\">\n<p><img loading=\"lazy\" decoding=\"async\" id=\"imgprincipal\" class=\"alignnone size-full wp-image-42\" src=\"https:\/\/coamsa.es\/wp-content\/uploads\/2018\/11\/FOTO-0-3.jpg\" alt=\"\" width=\"855\" height=\"404\" srcset=\"https:\/\/coamsa.es\/wp-content\/uploads\/2018\/11\/FOTO-0-3.jpg 855w, https:\/\/coamsa.es\/wp-content\/uploads\/2018\/11\/FOTO-0-3-300x142.jpg 300w, https:\/\/coamsa.es\/wp-content\/uploads\/2018\/11\/FOTO-0-3-768x363.jpg 768w, https:\/\/coamsa.es\/wp-content\/uploads\/2018\/11\/FOTO-0-3-800x378.jpg 800w\" sizes=\"(max-width: 855px) 100vw, 855px\" \/><a href=\"https:\/\/coamsa.es\/?page_id=218\">Romero Puerto<\/a><\/p>\n<\/div>\n<\/div>\n<div class=\"proyectos\">\n<div class=\"img-container\">\n<p><img loading=\"lazy\" decoding=\"async\" id=\"imgprincipal\" class=\"alignnone size-large wp-image-37\" src=\"https:\/\/coamsa.es\/wp-content\/uploads\/2018\/11\/FOTO-1-1-1024x768.jpg\" alt=\"\" width=\"1024\" height=\"768\" srcset=\"https:\/\/coamsa.es\/wp-content\/uploads\/2018\/11\/FOTO-1-1-1024x768.jpg 1024w, https:\/\/coamsa.es\/wp-content\/uploads\/2018\/11\/FOTO-1-1-300x225.jpg 300w, https:\/\/coamsa.es\/wp-content\/uploads\/2018\/11\/FOTO-1-1-768x576.jpg 768w, https:\/\/coamsa.es\/wp-content\/uploads\/2018\/11\/FOTO-1-1-800x600.jpg 800w, https:\/\/coamsa.es\/wp-content\/uploads\/2018\/11\/FOTO-1-1-400x300.jpg 400w\" sizes=\"(max-width: 1024px) 100vw, 1024px\" \/><a href=\"https:\/\/coamsa.es\/?page_id=227\">Panrico<\/a><\/p>\n<\/div>\n<div class=\"img-container\">\n<p><img loading=\"lazy\" decoding=\"async\" id=\"imgprincipal\" class=\"alignnone size-large wp-image-40\" src=\"https:\/\/coamsa.es\/wp-content\/uploads\/2018\/11\/FOTO-0-2-1024x340.jpg\" alt=\"\" width=\"1024\" height=\"340\" srcset=\"https:\/\/coamsa.es\/wp-content\/uploads\/2018\/11\/FOTO-0-2-1024x340.jpg 1024w, https:\/\/coamsa.es\/wp-content\/uploads\/2018\/11\/FOTO-0-2-300x100.jpg 300w, https:\/\/coamsa.es\/wp-content\/uploads\/2018\/11\/FOTO-0-2-768x255.jpg 768w, https:\/\/coamsa.es\/wp-content\/uploads\/2018\/11\/FOTO-0-2-800x266.jpg 800w, https:\/\/coamsa.es\/wp-content\/uploads\/2018\/11\/FOTO-0-2.jpg 1432w\" sizes=\"(max-width: 1024px) 100vw, 1024px\" \/><a href=\"https:\/\/coamsa.es\/?page_id=244\">ALDI<\/a><\/p>\n<\/div>\n<\/div>\n<div class=\"proyectos\">\n<div class=\"img-container\">\n<p><img loading=\"lazy\" decoding=\"async\" id=\"imgprincipal\" class=\"alignnone size-large wp-image-41\" src=\"https:\/\/coamsa.es\/wp-content\/uploads\/2018\/11\/FOTO-1-3-1024x768.jpg\" alt=\"\" width=\"1024\" height=\"768\" srcset=\"https:\/\/coamsa.es\/wp-content\/uploads\/2018\/11\/FOTO-1-3-1024x768.jpg 1024w, https:\/\/coamsa.es\/wp-content\/uploads\/2018\/11\/FOTO-1-3-300x225.jpg 300w, https:\/\/coamsa.es\/wp-content\/uploads\/2018\/11\/FOTO-1-3-768x576.jpg 768w, https:\/\/coamsa.es\/wp-content\/uploads\/2018\/11\/FOTO-1-3-800x600.jpg 800w, https:\/\/coamsa.es\/wp-content\/uploads\/2018\/11\/FOTO-1-3-400x300.jpg 400w\" sizes=\"(max-width: 1024px) 100vw, 1024px\" \/><a href=\"https:\/\/coamsa.es\/?page_id=263\">REPSOL<\/a><\/p>\n<\/div>\n<div class=\"img-container\">\n<p><img loading=\"lazy\" decoding=\"async\" id=\"imgprincipal\" class=\"alignnone size-large wp-image-38\" src=\"https:\/\/coamsa.es\/wp-content\/uploads\/2018\/11\/FOTO-0-1-1024x417.jpg\" alt=\"\" width=\"1024\" height=\"417\" srcset=\"https:\/\/coamsa.es\/wp-content\/uploads\/2018\/11\/FOTO-0-1-1024x417.jpg 1024w, https:\/\/coamsa.es\/wp-content\/uploads\/2018\/11\/FOTO-0-1-300x122.jpg 300w, https:\/\/coamsa.es\/wp-content\/uploads\/2018\/11\/FOTO-0-1-768x313.jpg 768w, https:\/\/coamsa.es\/wp-content\/uploads\/2018\/11\/FOTO-0-1-800x326.jpg 800w, https:\/\/coamsa.es\/wp-content\/uploads\/2018\/11\/FOTO-0-1.jpg 1095w\" sizes=\"(max-width: 1024px) 100vw, 1024px\" \/><a href=\"https:\/\/coamsa.es\/?page_id=247\">Colegio San Jos\u00e9<\/a><\/p>\n<\/div>\n<p><!-- Bot\u00f3n ver m\u00e1s --><\/p>\n<div class=\"contenedorr\"><a href=\"https:\/\/coamsa.es\/?page_id=465\"><img loading=\"lazy\" decoding=\"async\" class=\"imagen\" src=\"https:\/\/coamsa.es\/wp-content\/uploads\/2018\/12\/mas.png\" alt=\"\" width=\"112\" height=\"59\"><\/a><\/div>\n<\/div>\n<div id=\"cronologia\">\n<h1 class=\"titulo\">&nbsp;NUESTRA HISTORIA<\/h1>\n<\/div>\n<div class=\"parte\"><a href=\"https:\/\/coamsa.es\/wp-content\/uploads\/2018\/11\/Nuestra-Historia-Definitiva.png\" rel=\"lightbox-0\" data-rel=\"lightbox-image-0\" data-rl_title=\"\" data-rl_caption=\"\" title=\"\"><img loading=\"lazy\" decoding=\"async\" class=\"alignnone size-full wp-image-453\" src=\"https:\/\/coamsa.es\/wp-content\/uploads\/2018\/11\/Nuestra-Historia-Definitiva.png\" alt=\"\" width=\"1142\" height=\"668\" srcset=\"https:\/\/coamsa.es\/wp-content\/uploads\/2018\/11\/Nuestra-Historia-Definitiva.png 1142w, https:\/\/coamsa.es\/wp-content\/uploads\/2018\/11\/Nuestra-Historia-Definitiva-300x175.png 300w, https:\/\/coamsa.es\/wp-content\/uploads\/2018\/11\/Nuestra-Historia-Definitiva-768x449.png 768w, https:\/\/coamsa.es\/wp-content\/uploads\/2018\/11\/Nuestra-Historia-Definitiva-1024x599.png 1024w, https:\/\/coamsa.es\/wp-content\/uploads\/2018\/11\/Nuestra-Historia-Definitiva-800x468.png 800w\" sizes=\"(max-width: 1142px) 100vw, 1142px\" \/><\/a><\/div>\n<div id=\"contactos\">\n<h1 class=\"titulo\">&nbsp;CONTACTOS<\/h1>\n<\/div>\n<div id=\"mapacontacto\"><iframe loading=\"lazy\" style=\"border: 0;\" src=\"https:\/\/www.google.com\/maps\/embed?pb=!1m14!1m8!1m3!1d942.7423755453696!2d-5.997769669505823!3d37.36630142746186!3m2!1i1024!2i768!4f13.1!3m3!1m2!1s0xd126c483a90a627%3A0x2f0f5a5994ba3188!2sComercial+Andaluza+De+Metales!5e0!3m2!1ses!2ses!4v1542994313503\" width=\"600\" height=\"450\" frameborder=\"0\" allowfullscreen=\"allowfullscreen\"><\/iframe><\/div>\n<div id=\"mapacontacto\">\n<div id=\"fondocontacto\">\n<div>\n<p><br><\/p><p><br><\/p><p>TEL\u00c9FONO:<br>\n954 453 805 \nEMAIL: <a href=\"mailto:coamsa@coamsa.es\"><br>\nCOAMSA@COAMSA.ES<\/a><\/p>\n<p>ENV\u00cdANOS TU CURRICULUM:<br>\n<a href=\"mailto:rrhh@coamsa.es\"> RRHH@COAMSA.ES<\/a><\/p>\n<\/div>\n<\/div>\n<\/div>\t\t\t\t\t<\/div>\n\t\t\t\t\t\t<\/div>\n\t\t\t\t<\/div>\n\t\t\t\t\t\t<\/div>\n\t\t\t\t\t<\/div>\n\t\t<\/div>\n\t\t\t\t\t\t\t\t<\/div>\n\t\t\t\t\t<\/div>\n\t\t<\/section>\n\t\t\t\t\t\t<\/div>\n\t\t\t\t\t\t<\/div>\n\t\t\t\t\t<\/div>\n\t\t","protected":false},"excerpt":{"rendered":"<p>&nbsp;SERVICIOS Fabricaci\u00f3n UNE-EN 1090 Marcado CE seg\u00fan UNE en 1090 Montaje de Estructuras Gran experiencia en el montaje in situ, con soldadores-montadores cualificados y homologados. Asistencia T\u00e9cnica Ofrecemos asistencia t\u00e9cnica, asesoramiento y optimizaci\u00f3n en el dise\u00f1o, c\u00e1lculo y ejecuci\u00f3n de todo tipo de construcciones met\u00e1licas, bajo normativa vigente, gracias a la desarrollada experiencia y conocimientos de nuestro equipo t\u00e9cnico. &nbsp;PROYECTOS&hellip;<\/p>\n","protected":false},"author":1,"featured_media":0,"parent":0,"menu_order":0,"comment_status":"closed","ping_status":"open","template":"","meta":{"footnotes":""},"_links":{"self":[{"href":"https:\/\/coamsa.es\/index.php?rest_route=\/wp\/v2\/pages\/2"}],"collection":[{"href":"https:\/\/coamsa.es\/index.php?rest_route=\/wp\/v2\/pages"}],"about":[{"href":"https:\/\/coamsa.es\/index.php?rest_route=\/wp\/v2\/types\/page"}],"author":[{"embeddable":true,"href":"https:\/\/coamsa.es\/index.php?rest_route=\/wp\/v2\/users\/1"}],"replies":[{"embeddable":true,"href":"https:\/\/coamsa.es\/index.php?rest_route=%2Fwp%2Fv2%2Fcomments&post=2"}],"version-history":[{"count":121,"href":"https:\/\/coamsa.es\/index.php?rest_route=\/wp\/v2\/pages\/2\/revisions"}],"predecessor-version":[{"id":1039,"href":"https:\/\/coamsa.es\/index.php?rest_route=\/wp\/v2\/pages\/2\/revisions\/1039"}],"wp:attachment":[{"href":"https:\/\/coamsa.es\/index.php?rest_route=%2Fwp%2Fv2%2Fmedia&parent=2"}],"curies":[{"name":"wp","href":"https:\/\/api.w.org\/{rel}","templated":true}]}}